{"id":831,"date":"2014-02-07T22:57:05","date_gmt":"2014-02-07T22:57:05","guid":{"rendered":"http:\/\/josenascimento.com\/tardedemais\/?page_id=831"},"modified":"2023-04-03T12:18:57","modified_gmt":"2023-04-03T12:18:57","slug":"tardedemais","status":"publish","type":"page","link":"https:\/\/josenascimento.com\/tardedemais\/","title":{"rendered":"Tarde Demais"},"content":{"rendered":"\n<figure class=\"wp-block-gallery has-nested-images columns-default is-cropped wp-block-gallery-1 is-layout-flex wp-block-gallery-is-layout-flex\">\n<figure class=\"wp-block-image size-large\"><img loading=\"lazy\" decoding=\"async\" width=\"662\" height=\"400\" data-id=\"1715\" src=\"https:\/\/josenascimento.com\/tardedemais\/wp-content\/uploads\/sites\/3\/2011\/02\/screen-shot-2014-01-25-at-12-25-54-am.png\" alt=\"\" class=\"wp-image-1715\" srcset=\"https:\/\/josenascimento.com\/tardedemais\/wp-content\/uploads\/sites\/3\/2011\/02\/screen-shot-2014-01-25-at-12-25-54-am.png 662w, https:\/\/josenascimento.com\/tardedemais\/wp-content\/uploads\/sites\/3\/2011\/02\/screen-shot-2014-01-25-at-12-25-54-am-300x181.png 300w\" sizes=\"auto, (max-width: 662px) 100vw, 662px\" \/><\/figure>\n\n\n\n<figure class=\"wp-block-image size-large\"><img loading=\"lazy\" decoding=\"async\" width=\"400\" height=\"256\" data-id=\"1723\" src=\"https:\/\/josenascimento.com\/tardedemais\/wp-content\/uploads\/sites\/3\/2001\/01\/tarde_demais.jpg\" alt=\"\" class=\"wp-image-1723\" srcset=\"https:\/\/josenascimento.com\/tardedemais\/wp-content\/uploads\/sites\/3\/2001\/01\/tarde_demais.jpg 400w, https:\/\/josenascimento.com\/tardedemais\/wp-content\/uploads\/sites\/3\/2001\/01\/tarde_demais-300x192.jpg 300w\" sizes=\"auto, (max-width: 400px) 100vw, 400px\" \/><\/figure>\n\n\n\n<figure class=\"wp-block-image size-large\"><img loading=\"lazy\" decoding=\"async\" width=\"633\" height=\"394\" data-id=\"1721\" src=\"https:\/\/josenascimento.com\/tardedemais\/wp-content\/uploads\/sites\/3\/2001\/01\/TD.png\" alt=\"\" class=\"wp-image-1721\" srcset=\"https:\/\/josenascimento.com\/tardedemais\/wp-content\/uploads\/sites\/3\/2001\/01\/TD.png 633w, https:\/\/josenascimento.com\/tardedemais\/wp-content\/uploads\/sites\/3\/2001\/01\/TD-300x187.png 300w\" sizes=\"auto, (max-width: 633px) 100vw, 633px\" \/><\/figure>\n\n\n\n<figure class=\"wp-block-image size-full\"><img loading=\"lazy\" decoding=\"async\" width=\"643\" height=\"373\" data-id=\"1713\" src=\"http:\/\/josenascimento.com\/tardedemais\/wp-content\/uploads\/sites\/3\/2012\/01\/tdcs-e1679496244644.png\" alt=\"\" class=\"wp-image-1713\" srcset=\"https:\/\/josenascimento.com\/tardedemais\/wp-content\/uploads\/sites\/3\/2012\/01\/tdcs-e1679496244644.png 643w, https:\/\/josenascimento.com\/tardedemais\/wp-content\/uploads\/sites\/3\/2012\/01\/tdcs-e1679496244644-300x174.png 300w\" sizes=\"auto, (max-width: 643px) 100vw, 643px\" \/><\/figure>\n\n\n\n<figure class=\"wp-block-image size-large\"><img loading=\"lazy\" decoding=\"async\" width=\"659\" height=\"400\" data-id=\"1719\" src=\"https:\/\/josenascimento.com\/tardedemais\/wp-content\/uploads\/sites\/3\/2005\/10\/tadem.png\" alt=\"\" class=\"wp-image-1719\" srcset=\"https:\/\/josenascimento.com\/tardedemais\/wp-content\/uploads\/sites\/3\/2005\/10\/tadem.png 659w, https:\/\/josenascimento.com\/tardedemais\/wp-content\/uploads\/sites\/3\/2005\/10\/tadem-300x182.png 300w\" sizes=\"auto, (max-width: 659px) 100vw, 659px\" \/><\/figure>\n\n\n\n<figure class=\"wp-block-image size-large\"><img loading=\"lazy\" decoding=\"async\" width=\"659\" height=\"400\" data-id=\"995\" src=\"https:\/\/josenascimento.com\/tardedemais\/wp-content\/uploads\/sites\/3\/2015\/11\/screen-shot-2014-01-25-at-1-16-18-am.png\" alt=\"\" class=\"wp-image-995\" srcset=\"https:\/\/josenascimento.com\/tardedemais\/wp-content\/uploads\/sites\/3\/2015\/11\/screen-shot-2014-01-25-at-1-16-18-am.png 659w, https:\/\/josenascimento.com\/tardedemais\/wp-content\/uploads\/sites\/3\/2015\/11\/screen-shot-2014-01-25-at-1-16-18-am-300x182.png 300w\" sizes=\"auto, (max-width: 659px) 100vw, 659px\" \/><\/figure>\n<\/figure>\n\n\n\n<p><\/p>\n\n\n\n<p>\u00abNo frio Dezembro de 1995 li um artigo da Laurinda Alves, na revista<em> O Independente<\/em>, sobre o naufr\u00e1gio de um barco de pesca artesanal no meio do rio Tejo.<\/p>\n\n\n\n<p>Dois homens tinham perdido a vida. As circunst\u00e2ncias em que se tinha dado o acidente pareceram-me, no m\u00ednimo, bizarras. As autoridades competentes, embora avisadas, n\u00e3o sa\u00edram imediatamente para o rio para os salvar. Os poucos pescadores, que resistiam \u00e0s normas da CEE para os estu\u00e1rios, n\u00e3o ousaram ir para o mar com a tempestade que estava e a burocracia para fazer sair um helic\u00f3ptero de resgate da base a\u00e9rea do Montijo, indiscrit\u00edvel. <\/p>\n\n\n\n<p>Isto tudo a dois passos de Lisboa.<\/p>\n\n\n\n<p>Estava feito o quadro geral da trag\u00e9dia. A maior parte da frota das canoas pesqueiras foi queimada, a pesca artesanal est\u00e1 em extin\u00e7\u00e3o, o rio continua polu\u00eddo&#8230; A nossa pr\u00f3pria cultura est\u00e1 a ser mais uma vez devastada.<\/p>\n\n\n\n<p>Peguei na minha c\u00e2mara de v\u00eddeo e comecei por fazer um levantamento pormenorizado da sequ\u00eancia dos acontecimentos, recolhi os testemunhos dos sobreviventes e senti o desespero da espera e a dor das fam\u00edlias. Envolvi-me definitivamente com os futuros personagens do filme quando soube que um dos pescadores era pai de uma amiga minha.<\/p>\n\n\n\n<p>A dramaturgia estava desde o in\u00edcio tra\u00e7ada. O filme j\u00e1 tinha come\u00e7ado, sem que eu tivesse dado por isso.\u00bb<\/p>\n","protected":false},"excerpt":{"rendered":"<p>\u00abNo frio Dezembro de 1995 li um artigo da Laurinda Alves, na revista O Independente, sobre o naufr\u00e1gio de um barco de pesca artesanal no meio do rio Tejo. Dois [&hellip;]<\/p>\n","protected":false},"author":1,"featured_media":0,"parent":0,"menu_order":0,"comment_status":"closed","ping_status":"closed","template":"","meta":{"footnotes":""},"class_list":["post-831","page","type-page","status-publish","hentry"],"_links":{"self":[{"href":"https:\/\/josenascimento.com\/tardedemais\/wp-json\/wp\/v2\/pages\/831","targetHints":{"allow":["GET"]}}],"collection":[{"href":"https:\/\/josenascimento.com\/tardedemais\/wp-json\/wp\/v2\/pages"}],"about":[{"href":"https:\/\/josenascimento.com\/tardedemais\/wp-json\/wp\/v2\/types\/page"}],"author":[{"embeddable":true,"href":"https:\/\/josenascimento.com\/tardedemais\/wp-json\/wp\/v2\/users\/1"}],"replies":[{"embeddable":true,"href":"https:\/\/josenascimento.com\/tardedemais\/wp-json\/wp\/v2\/comments?post=831"}],"version-history":[{"count":17,"href":"https:\/\/josenascimento.com\/tardedemais\/wp-json\/wp\/v2\/pages\/831\/revisions"}],"predecessor-version":[{"id":1836,"href":"https:\/\/josenascimento.com\/tardedemais\/wp-json\/wp\/v2\/pages\/831\/revisions\/1836"}],"wp:attachment":[{"href":"https:\/\/josenascimento.com\/tardedemais\/wp-json\/wp\/v2\/media?parent=831"}],"curies":[{"name":"wp","href":"https:\/\/api.w.org\/{rel}","templated":true}]}}